{"id":100,"date":"2014-03-10T17:30:12","date_gmt":"2014-03-10T17:30:12","guid":{"rendered":"http:\/\/rammerstorfer.cc\/takingthestand\/?page_id=100"},"modified":"2014-03-10T17:30:12","modified_gmt":"2014-03-10T17:30:12","slug":"imprint","status":"publish","type":"page","link":"https:\/\/www.imzeugenstand.at\/en\/imprint\/","title":{"rendered":"Imprint"},"content":{"rendered":"<h2>Impressum<\/h2>\n<p>&nbsp;<\/p>\n<h3>Medieninhaber und Herausgeber<\/h3>\n<p><strong>Bernhard Rammerstorfer <\/strong><br \/>\nSchickerstra\u00dfe 3<br \/>\nA-4175 Herzogsdorf<br \/>\nE-Mail: <a href=\"mailto:office@rammerstorfer.cc\">office@rammerstorfer.cc<\/a><br \/>\nInternet: <a href=\"http:\/\/www.rammerstorfer.cc\/\" target=\"_blank\">www.rammerstofer.cc<\/a><\/p>\n<p><strong>Rechtlicher Hinweis <\/strong><br \/>\nAn dieser Stelle weisen wir darauf hin, dass wir, bedingt durch die technischen Gegebenheiten des Internet, keine rechtliche Verantwortung f\u00fcr den Inhalt der Links dieser Website \u00fcbernehmen k\u00f6nnen. Die rechtliche Verantwortung liegt ausschlie\u00dflich bei den BetreiberInnen dieser Seiten. Gleichzeitig distanzieren wir uns ausdr\u00fccklich von allen etwaigen rechtswidrigen Inhalten dieser Seiten oder etwaigen weiterf\u00fchrenden Hyperlinks mit rechtswidrigen oder anst\u00f6\u00dfigen Inhalten. Falls Sie von unserer Site aus wider Erwarten zu fragw\u00fcrdigen Inhalten weiterverbunden werden sollten, sind wir Ihnen f\u00fcr einen Hinweis unter <a href=\"mailto:office@rammerstorfer.cc\">office@rammerstorfer.cc<\/a> sehr dankbar. Wir werden diesem Hinweis dann so rasch wie m\u00f6glich nachgehen.<\/p>\n","protected":false},"excerpt":{"rendered":"<p>Impressum &nbsp; Medieninhaber und Herausgeber Bernhard Rammerstorfer Schickerstra\u00dfe 3 A-4175 Herzogsdorf E-Mail: office@rammerstorfer.cc Internet: www.rammerstofer.cc Rechtlicher Hinweis An dieser Stelle weisen wir darauf hin, dass wir, bedingt durch die technischen Gegebenheiten des Internet, keine rechtliche Verantwortung f\u00fcr den Inhalt der Links dieser Website \u00fcbernehmen k\u00f6nnen. Die rechtliche Verantwortung liegt ausschlie\u00dflich bei den BetreiberInnen dieser Seiten.<\/p>\n","protected":false},"author":1,"featured_media":0,"parent":0,"menu_order":0,"comment_status":"closed","ping_status":"open","template":"","meta":{"footnotes":""},"class_list":["post-100","page","type-page","status-publish","hentry","prodpage-style2"],"_links":{"self":[{"href":"https:\/\/www.imzeugenstand.at\/en\/wp-json\/wp\/v2\/pages\/100","targetHints":{"allow":["GET"]}}],"collection":[{"href":"https:\/\/www.imzeugenstand.at\/en\/wp-json\/wp\/v2\/pages"}],"about":[{"href":"https:\/\/www.imzeugenstand.at\/en\/wp-json\/wp\/v2\/types\/page"}],"author":[{"embeddable":true,"href":"https:\/\/www.imzeugenstand.at\/en\/wp-json\/wp\/v2\/users\/1"}],"replies":[{"embeddable":true,"href":"https:\/\/www.imzeugenstand.at\/en\/wp-json\/wp\/v2\/comments?post=100"}],"version-history":[{"count":1,"href":"https:\/\/www.imzeugenstand.at\/en\/wp-json\/wp\/v2\/pages\/100\/revisions"}],"predecessor-version":[{"id":101,"href":"https:\/\/www.imzeugenstand.at\/en\/wp-json\/wp\/v2\/pages\/100\/revisions\/101"}],"wp:attachment":[{"href":"https:\/\/www.imzeugenstand.at\/en\/wp-json\/wp\/v2\/media?parent=100"}],"curies":[{"name":"wp","href":"https:\/\/api.w.org\/{rel}","templated":true}]}}