{"id":102,"date":"2014-03-10T17:30:50","date_gmt":"2014-03-10T17:30:50","guid":{"rendered":"http:\/\/rammerstorfer.cc\/takingthestand\/?page_id=102"},"modified":"2014-07-16T13:06:11","modified_gmt":"2014-07-16T13:06:11","slug":"policy","status":"publish","type":"page","link":"https:\/\/www.imzeugenstand.at\/en\/policy\/","title":{"rendered":"Policy"},"content":{"rendered":"<div id=\"ja-main\">\n<div>\n<div id=\"ja-contentwrap\">\n<div id=\"ja-content\">\n<div id=\"ja-current-content\">\n<div>\n<div>\n<h2>Allgemeine Gesch\u00e4ftsbedingungen<\/h2>\n<div><strong>Liefer- und Zahlungsbedingungen<\/strong><br \/>\nZahlbar im Voraus nach Erhalt der Rechnung ohne Abzug. Bei Zahlungsverzug werden bank\u00fcbliche Verzugszinsen berechnet. Bei Bank\u00fcberweisungen von au\u00dferhalb \u00d6sterreichs sind die gesamten Bankspesen vom K\u00e4ufer zu tragen.<br \/>\n<strong>Reklamationen<\/strong><br \/>\nBeanstandungen nur innerhalb 8 Tagen nach Empfang der Ware. Lieferung erfolgt auf Ihre Rechnung und Gefahr.<strong>Eigentumsvorbehalt<\/strong><br \/>\nDie Ware bleibt bis zur vollst\u00e4ndigen Bezahlung unser Eigentum. \u2028Gerichtsstand Linz-Urfahr, Ober\u00f6sterreich.<\/p>\n<\/div>\n<\/div>\n<\/div>\n<\/div>\n<\/div>\n<\/div>\n<\/div>\n<\/div>\n","protected":false},"excerpt":{"rendered":"<p>Allgemeine Gesch\u00e4ftsbedingungen Liefer- und Zahlungsbedingungen Zahlbar im Voraus nach Erhalt der Rechnung ohne Abzug. Bei Zahlungsverzug werden bank\u00fcbliche Verzugszinsen berechnet. Bei Bank\u00fcberweisungen von au\u00dferhalb \u00d6sterreichs sind die gesamten Bankspesen vom K\u00e4ufer zu tragen. Reklamationen Beanstandungen nur innerhalb 8 Tagen nach Empfang der Ware. Lieferung erfolgt auf Ihre Rechnung und Gefahr.Eigentumsvorbehalt Die Ware bleibt bis zur<\/p>\n","protected":false},"author":1,"featured_media":0,"parent":0,"menu_order":0,"comment_status":"closed","ping_status":"open","template":"","meta":{"footnotes":""},"class_list":["post-102","page","type-page","status-publish","hentry","prodpage-style2"],"_links":{"self":[{"href":"https:\/\/www.imzeugenstand.at\/en\/wp-json\/wp\/v2\/pages\/102","targetHints":{"allow":["GET"]}}],"collection":[{"href":"https:\/\/www.imzeugenstand.at\/en\/wp-json\/wp\/v2\/pages"}],"about":[{"href":"https:\/\/www.imzeugenstand.at\/en\/wp-json\/wp\/v2\/types\/page"}],"author":[{"embeddable":true,"href":"https:\/\/www.imzeugenstand.at\/en\/wp-json\/wp\/v2\/users\/1"}],"replies":[{"embeddable":true,"href":"https:\/\/www.imzeugenstand.at\/en\/wp-json\/wp\/v2\/comments?post=102"}],"version-history":[{"count":3,"href":"https:\/\/www.imzeugenstand.at\/en\/wp-json\/wp\/v2\/pages\/102\/revisions"}],"predecessor-version":[{"id":742,"href":"https:\/\/www.imzeugenstand.at\/en\/wp-json\/wp\/v2\/pages\/102\/revisions\/742"}],"wp:attachment":[{"href":"https:\/\/www.imzeugenstand.at\/en\/wp-json\/wp\/v2\/media?parent=102"}],"curies":[{"name":"wp","href":"https:\/\/api.w.org\/{rel}","templated":true}]}}